{"id":614,"date":"2020-08-26T13:32:06","date_gmt":"2020-08-26T13:32:06","guid":{"rendered":"https:\/\/kmr-info.leoserver.de\/?page_id=614"},"modified":"2026-05-04T09:32:19","modified_gmt":"2026-05-04T09:32:19","slug":"home","status":"publish","type":"page","link":"https:\/\/kmr-info.de\/","title":{"rendered":"Home"},"content":{"rendered":"<p>[et_pb_section fb_built=&#8220;1&#8243; fullwidth=&#8220;on&#8220; _builder_version=&#8220;4.16&#8243; _module_preset=&#8220;default&#8220; box_shadow_style=&#8220;preset3&#8243; box_shadow_spread=&#8220;-14px&#8220; box_shadow_color=&#8220;#000000&#8243; locked=&#8220;off&#8220; global_colors_info=&#8220;{}&#8220;][et_pb_fullwidth_slider _builder_version=&#8220;4.16&#8243; _module_preset=&#8220;default&#8220; background_image=&#8220;https:\/\/kmr-info.de\/wp-content\/uploads\/2020\/08\/Bus_low_black_schmal-scaled.jpg&#8220; parallax=&#8220;on&#8220; parallax_method=&#8220;on&#8220; header_text_shadow_style=&#8220;preset3&#8243; header_text_shadow_blur_strength=&#8220;0.4em&#8220; global_colors_info=&#8220;{}&#8220;][et_pb_slide heading=&#8220;KOOPERATION METROPOLE RUHR&#8220; button_text=&#8220;MEHR ERFAHREN&#8220; button_link=&#8220;https:\/\/kmr-info.de\/index.php\/partner\/&#8220; _builder_version=&#8220;4.16&#8243; _module_preset=&#8220;default&#8220; header_font=&#8220;Oswald|600|||||||&#8220; header_text_align=&#8220;center&#8220; header_font_size=&#8220;50px&#8220; body_font=&#8220;Oswald||||||||&#8220; body_text_align=&#8220;center&#8220; body_font_size=&#8220;25px&#8220; body_line_height=&#8220;1.3em&#8220; custom_button=&#8220;on&#8220; button_text_color=&#8220;#ffffff&#8220; button_bg_color=&#8220;#59a8db&#8220; button_alignment=&#8220;center&#8220; body_text_shadow_style=&#8220;preset3&#8243; body_text_shadow_blur_strength=&#8220;0.17em&#8220; global_colors_info=&#8220;{}&#8220; sticky_transition=&#8220;on&#8220;]<\/p>\n<p>EINE STARKE METROPOLE VERDIENT EINEN STARKEN NAHVERKEHR<\/p>\n<p>[\/et_pb_slide][\/et_pb_fullwidth_slider][\/et_pb_section][et_pb_section fb_built=&#8220;1&#8243; _builder_version=&#8220;4.16&#8243; _module_preset=&#8220;default&#8220; background_image=&#8220;https:\/\/kmr-info.de\/wp-content\/uploads\/2020\/08\/Start_Back_ja.jpg&#8220; parallax=&#8220;on&#8220; custom_padding=&#8220;30px|||||&#8220; global_colors_info=&#8220;{}&#8220;][et_pb_row custom_padding_last_edited=&#8220;on|phone&#8220; admin_label=&#8220;Packages Title&#8220; _builder_version=&#8220;4.16&#8243; custom_margin=&#8220;-16px|auto||auto||&#8220; custom_padding=&#8220;3px|0px|41px|0px||&#8220; custom_padding_tablet=&#8220;60px||0px|&#8220; custom_padding_phone=&#8220;&#8220; locked=&#8220;off&#8220; global_colors_info=&#8220;{}&#8220;][et_pb_column type=&#8220;4_4&#8243; _builder_version=&#8220;4.16&#8243; custom_padding=&#8220;|||&#8220; global_colors_info=&#8220;{}&#8220; custom_padding__hover=&#8220;|||&#8220;][et_pb_text _builder_version=&#8220;4.16&#8243; text_font=&#8220;Oswald||||||||&#8220; text_text_color=&#8220;#1a1a1a&#8220; text_font_size=&#8220;30px&#8220; text_line_height=&#8220;1.8em&#8220; header_font=&#8220;Oswald|on||on|&#8220; header_text_align=&#8220;center&#8220; header_font_size=&#8220;60px&#8220; header_line_height=&#8220;1.3em&#8220; module_alignment=&#8220;center&#8220; custom_margin=&#8220;|||&#8220; custom_padding=&#8220;|||&#8220; animation_style=&#8220;slide&#8220; animation_direction=&#8220;top&#8220; animation_intensity_slide=&#8220;10%&#8220; locked=&#8220;off&#8220; global_colors_info=&#8220;{}&#8220;]<\/p>\n<p style=\"text-align: center;\">DIE KOOPERATION \u00d6STLICHES RUHRGEBIET WIRD ZUR<br \/>KOOPERATION METROPOLE RUHR.<\/p>\n<p>[\/et_pb_text][et_pb_divider color=&#8220;#ed4441&#8243; divider_position=&#8220;center&#8220; divider_weight=&#8220;3px&#8220; disabled_on=&#8220;off|off|off&#8220; _builder_version=&#8220;4.16&#8243; max_width=&#8220;150px&#8220; module_alignment=&#8220;center&#8220; height=&#8220;false&#8220; custom_margin=&#8220;30px|||&#8220; animation_style=&#8220;slide&#8220; animation_direction=&#8220;top&#8220; animation_delay=&#8220;100ms&#8220; animation_intensity_slide=&#8220;10%&#8220; locked=&#8220;off&#8220; global_colors_info=&#8220;{}&#8220;][\/et_pb_divider][\/et_pb_column][\/et_pb_row][et_pb_row admin_label=&#8220;Section Header&#8220; _builder_version=&#8220;4.16&#8243; custom_padding=&#8220;0px|0px|40px|0px||&#8220; locked=&#8220;off&#8220; global_colors_info=&#8220;{}&#8220;][et_pb_column type=&#8220;4_4&#8243; _builder_version=&#8220;4.16&#8243; custom_padding=&#8220;|||&#8220; global_colors_info=&#8220;{}&#8220; custom_padding__hover=&#8220;|||&#8220;][et_pb_text _builder_version=&#8220;4.16&#8243; _module_preset=&#8220;default&#8220; text_font=&#8220;Nunito||||||||&#8220; text_font_size=&#8220;18px&#8220; text_line_height=&#8220;1.8em&#8220; custom_padding=&#8220;1px|||||&#8220; global_colors_info=&#8220;{}&#8220;]<\/p>\n<p><strong>Das hei\u00dft, alle kommunalen Verkehrsunternehmen des Ruhrgebiets, die Teil des <a href=\"https:\/\/www.vrr.de\/de\/startseite\/\" target=\"_blank\" rel=\"noopener noreferrer\">Verkehrsbundes Rhein-Ruhr<\/a> sind, und teils auch dar\u00fcber hinaus, schlie\u00dfen sich zusammen.<\/strong><\/p>\n<p>Um dieses Ziel zu erreichen, wurde die bisher bestehende Kooperation aus <strong>BOGESTRA<\/strong>, <strong>DSW21<\/strong>, <strong>HCR<\/strong> und <strong>Vestische<\/strong> bis 2019 um <strong>VER<\/strong> und <strong>HST<\/strong> erweitert. Anfang 2020 stie\u00df auch die <strong>Ruhrbahn<\/strong> dazu. Nun werden die Unternehmen <strong>STOAG<\/strong> und <strong>DVG<\/strong> den Kreis \u2013 zun\u00e4chst einmal im Gaststatus \u2013 komplettieren. Ebenso beteiligen sich die <strong>NIAG<\/strong>, die f\u00fcr den <strong>Kreis Wesel<\/strong> sowie f\u00fcr Bereiche au\u00dferhalb der <strong>Metropole Ruhr<\/strong> zust\u00e4ndig ist, und die au\u00dferhalb des <strong>Verkehrsverbundes Rhein-Ruhr<\/strong> liegenden Verkehrsunternehmen <b>VKU<\/b>\u00a0und <strong>VBH<\/strong> als Gast an der <strong>KMR<\/strong>.<\/p>\n<p>[\/et_pb_text][\/et_pb_column][\/et_pb_row][et_pb_row column_structure=&#8220;1_2,1_2&#8243; _builder_version=&#8220;4.16&#8243; _module_preset=&#8220;default&#8220; global_colors_info=&#8220;{}&#8220;][et_pb_column type=&#8220;1_2&#8243; _builder_version=&#8220;4.16&#8243; _module_preset=&#8220;default&#8220; global_colors_info=&#8220;{}&#8220;][et_pb_blurb title=&#8220;Partner&#8220; image=&#8220;https:\/\/kmr-info.de\/wp-content\/uploads\/2020\/08\/Icon_Haltestellenschild_Partner_low.png&#8220; image_icon_width=&#8220;280px&#8220; admin_label=&#8220;coffee Item&#8220; _builder_version=&#8220;4.16&#8243; header_font=&#8220;Oswald|||on|&#8220; header_text_align=&#8220;center&#8220; header_font_size=&#8220;20px&#8220; header_letter_spacing=&#8220;1px&#8220; header_line_height=&#8220;1.7em&#8220; body_font=&#8220;Nunito||||&#8220; body_text_align=&#8220;center&#8220; body_font_size=&#8220;18px&#8220; body_line_height=&#8220;1.8em&#8220; text_orientation=&#8220;center&#8220; custom_padding=&#8220;||0px|||&#8220; animation=&#8220;right&#8220; link_option_url=&#8220;https:\/\/kmr-info.de\/index.php\/partner\/&#8220; image_max_width=&#8220;280px&#8220; global_colors_info=&#8220;{}&#8220;]<\/p>\n<p><strong>Ein beispielloser<\/strong><br \/> <strong> Zusammenschluss<\/strong><\/p>\n<p>[\/et_pb_blurb][\/et_pb_column][et_pb_column type=&#8220;1_2&#8243; _builder_version=&#8220;4.16&#8243; _module_preset=&#8220;default&#8220; global_colors_info=&#8220;{}&#8220;][et_pb_blurb title=&#8220;KooperationsbereichE&#8220; image=&#8220;https:\/\/kmr-info.de\/wp-content\/uploads\/2020\/08\/Icon_Haltestellenschild_Kooperation_low.png&#8220; image_icon_width=&#8220;280px&#8220; admin_label=&#8220;coffee Item&#8220; _builder_version=&#8220;4.16&#8243; header_font=&#8220;Oswald|||on|&#8220; header_text_align=&#8220;center&#8220; header_font_size=&#8220;20px&#8220; header_letter_spacing=&#8220;1px&#8220; header_line_height=&#8220;1.7em&#8220; body_font=&#8220;Nunito||||&#8220; body_text_align=&#8220;center&#8220; body_font_size=&#8220;18px&#8220; body_line_height=&#8220;1.8em&#8220; text_orientation=&#8220;center&#8220; animation=&#8220;left&#8220; link_option_url=&#8220;https:\/\/kmr-info.de\/index.php\/kooperationsbereiche\/&#8220; image_max_width=&#8220;280px&#8220; global_colors_info=&#8220;{}&#8220;]<\/p>\n<p><strong>13 Unternehmen \u2013<\/strong><br \/><strong> 1 Kooperation<\/strong><\/p>\n<p><strong>\u00a0<\/strong><\/p>\n<p>[\/et_pb_blurb][\/et_pb_column][\/et_pb_row][\/et_pb_section][et_pb_section fb_built=&#8220;1&#8243; admin_label=&#8220;Gallery&#8220; _builder_version=&#8220;4.16&#8243; background_color_gradient_direction=&#8220;90deg&#8220; custom_padding=&#8220;0px|0px|0px|0px&#8220; locked=&#8220;off&#8220; global_colors_info=&#8220;{}&#8220;][et_pb_row column_structure=&#8220;1_3,1_3,1_3&#8243; use_custom_gutter=&#8220;on&#8220; gutter_width=&#8220;1&#8243; make_equal=&#8220;on&#8220; admin_label=&#8220;Best Beans Row&#8220; module_class=&#8220; et_pb_row_fullwidth&#8220; _builder_version=&#8220;4.16&#8243; width=&#8220;100%&#8220; width_tablet=&#8220;100%&#8220; width_phone=&#8220;&#8220; width_last_edited=&#8220;on|desktop&#8220; max_width=&#8220;100%&#8220; max_width_tablet=&#8220;100%&#8220; max_width_phone=&#8220;&#8220; max_width_last_edited=&#8220;on|desktop&#8220; custom_margin=&#8220;|||&#8220; custom_padding=&#8220;0px|0px|0px|0px&#8220; make_fullwidth=&#8220;on&#8220; global_colors_info=&#8220;{}&#8220;][et_pb_column type=&#8220;1_3&#8243; _builder_version=&#8220;4.16&#8243; custom_padding=&#8220;|||&#8220; global_colors_info=&#8220;{}&#8220; custom_padding__hover=&#8220;|||&#8220;][et_pb_image src=&#8220;https:\/\/kmr-info.de\/wp-content\/uploads\/2020\/08\/Bushaltestelle_QUAD_low.jpg&#8220; title_text=&#8220;Bushaltestelle_QUAD_low&#8220; force_fullwidth=&#8220;on&#8220; align_tablet=&#8220;center&#8220; align_phone=&#8220;&#8220; align_last_edited=&#8220;on|desktop&#8220; _builder_version=&#8220;4.16&#8243; locked=&#8220;off&#8220; global_colors_info=&#8220;{}&#8220;][\/et_pb_image][\/et_pb_column][et_pb_column type=&#8220;1_3&#8243; _builder_version=&#8220;4.16&#8243; custom_padding=&#8220;|||&#8220; global_colors_info=&#8220;{}&#8220; custom_padding__hover=&#8220;|||&#8220;][et_pb_image src=&#8220;https:\/\/kmr-info.de\/wp-content\/uploads\/2020\/08\/Busfahrer_QUAD_low.jpg&#8220; title_text=&#8220;Busfahrer_QUAD_low&#8220; force_fullwidth=&#8220;on&#8220; align_tablet=&#8220;center&#8220; align_phone=&#8220;&#8220; align_last_edited=&#8220;on|desktop&#8220; _builder_version=&#8220;4.16&#8243; global_colors_info=&#8220;{}&#8220;][\/et_pb_image][\/et_pb_column][et_pb_column type=&#8220;1_3&#8243; _builder_version=&#8220;4.16&#8243; custom_padding=&#8220;|||&#8220; global_colors_info=&#8220;{}&#8220; custom_padding__hover=&#8220;|||&#8220;][et_pb_image src=&#8220;https:\/\/kmr-info.de\/wp-content\/uploads\/2020\/08\/U_Bahn_QUAD_low.jpg&#8220; title_text=&#8220;U_Bahn_QUAD_low&#8220; force_fullwidth=&#8220;on&#8220; align_tablet=&#8220;center&#8220; align_phone=&#8220;&#8220; align_last_edited=&#8220;on|desktop&#8220; _builder_version=&#8220;4.16&#8243; locked=&#8220;off&#8220; global_colors_info=&#8220;{}&#8220;][\/et_pb_image][\/et_pb_column][\/et_pb_row][\/et_pb_section][et_pb_section fb_built=&#8220;1&#8243; _builder_version=&#8220;4.16&#8243; _module_preset=&#8220;default&#8220; background_color=&#8220;#91b845&#8243; custom_padding=&#8220;4px||3px|||&#8220; locked=&#8220;off&#8220; global_colors_info=&#8220;{}&#8220;][et_pb_row _builder_version=&#8220;4.16&#8243; _module_preset=&#8220;default&#8220; global_colors_info=&#8220;{}&#8220;][et_pb_column type=&#8220;4_4&#8243; _builder_version=&#8220;4.16&#8243; _module_preset=&#8220;default&#8220; global_colors_info=&#8220;{}&#8220;][et_pb_text _builder_version=&#8220;4.16&#8243; _module_preset=&#8220;default&#8220; text_font=&#8220;Nunito|800|||||||&#8220; text_text_color=&#8220;#ffffff&#8220; text_font_size=&#8220;25px&#8220; header_font=&#8220;Nunito||||||||&#8220; header_text_color=&#8220;#000000&#8243; background_color=&#8220;#91b845&#8243; global_colors_info=&#8220;{}&#8220;]<\/p>\n<p style=\"text-align: center;\"><strong>SEHEN SIE AUCH<\/strong><\/p>\n<p>[\/et_pb_text][\/et_pb_column][\/et_pb_row][\/et_pb_section][et_pb_section fb_built=&#8220;1&#8243; fullwidth=&#8220;on&#8220; _builder_version=&#8220;4.16&#8243; _module_preset=&#8220;default&#8220; box_shadow_style=&#8220;preset3&#8243; box_shadow_color=&#8220;rgba(0,0,0,0.53)&#8220; locked=&#8220;off&#8220; global_colors_info=&#8220;{}&#8220;][et_pb_fullwidth_slider arrows_custom_color=&#8220;#ffffff&#8220; _builder_version=&#8220;4.16&#8243; _module_preset=&#8220;default&#8220; background_enable_image=&#8220;off&#8220; parallax=&#8220;on&#8220; parallax_method=&#8220;on&#8220; custom_button=&#8220;on&#8220; button_bg_color=&#8220;#59a8db&#8220; button_border_width=&#8220;0px&#8220; button_border_color=&#8220;#59a8db&#8220; button_border_radius=&#8220;0px&#8220; button_font=&#8220;Oswald||||||||&#8220; button_icon=&#8220;%%28%%&#8220; animation_style=&#8220;fade&#8220; animation_delay=&#8220;300ms&#8220; animation_starting_opacity=&#8220;50%&#8220; auto=&#8220;on&#8220; auto_speed=&#8220;5000&#8243; text_shadow_style=&#8220;preset3&#8243; text_shadow_blur_strength=&#8220;0.66em&#8220; global_colors_info=&#8220;{}&#8220;][et_pb_slide heading=&#8220;PARTNER&#8220; button_text=&#8220;MEHR ERFAHREN&#8220; button_link=&#8220;https:\/\/kmr-info.de\/index.php\/partner\/&#8220; _builder_version=&#8220;4.16&#8243; _module_preset=&#8220;default&#8220; header_font=&#8220;Oswald|600|||||||&#8220; header_text_align=&#8220;center&#8220; header_font_size=&#8220;70px&#8220; body_font=&#8220;Oswald||||||||&#8220; body_text_align=&#8220;center&#8220; body_font_size=&#8220;25px&#8220; body_line_height=&#8220;1.3em&#8220; background_image=&#8220;https:\/\/kmr-info.de\/wp-content\/uploads\/2020\/08\/Nachtbus_black-scaled.jpg&#8220; background_enable_image=&#8220;on&#8220; button_alignment=&#8220;center&#8220; global_colors_info=&#8220;{}&#8220; sticky_transition=&#8220;on&#8220;]<\/p>\n<p style=\"text-align: center;\">1 METROPOLE \u2013 11 PUNKTE\u00a0 \u2013<br \/>13 UNTERNEHMEN<\/p>\n<p>[\/et_pb_slide][et_pb_slide heading=&#8220;KOOPERATIONSBEREICHE&#8220; button_text=&#8220;MEHR ERFAHREN&#8220; button_link=&#8220;https:\/\/kmr-info.de\/index.php\/kooperationsbereiche\/&#8220; _builder_version=&#8220;4.16&#8243; _module_preset=&#8220;default&#8220; header_font=&#8220;Oswald|600|||||||&#8220; header_text_align=&#8220;center&#8220; header_font_size=&#8220;65px&#8220; body_font=&#8220;Oswald||||||||&#8220; body_text_align=&#8220;center&#8220; body_font_size=&#8220;25px&#8220; body_line_height=&#8220;1.3em&#8220; background_image=&#8220;https:\/\/kmr-info.de\/wp-content\/uploads\/2020\/08\/StraBa_Herbst_Black_150dpi.jpg&#8220; background_enable_image=&#8220;on&#8220; button_alignment=&#8220;center&#8220; header_text_color_tablet=&#8220;&#8220; header_text_color_phone=&#8220;&#8220; header_text_color_last_edited=&#8220;on|desktop&#8220; header_font_size_tablet=&#8220;&#8220; header_font_size_phone=&#8220;28px&#8220; header_font_size_last_edited=&#8220;on|desktop&#8220; global_colors_info=&#8220;{}&#8220; sticky_transition=&#8220;on&#8220;]<\/p>\n<p>11 PUNKTE \u2013 1 METROPOLE<\/p>\n<p>[\/et_pb_slide][\/et_pb_fullwidth_slider][\/et_pb_section]<\/p>\n","protected":false},"excerpt":{"rendered":"<p>EINE STARKE METROPOLE VERDIENT EINEN STARKEN NAHVERKEHRDIE KOOPERATION \u00d6STLICHES RUHRGEBIET WIRD ZURKOOPERATION METROPOLE RUHR.Das hei\u00dft, alle kommunalen Verkehrsunternehmen des Ruhrgebiets, die Teil des Verkehrsbundes Rhein-Ruhr sind, und teils auch dar\u00fcber hinaus, schlie\u00dfen sich zusammen. Um dieses Ziel zu erreichen, wurde die bisher bestehende Kooperation aus BOGESTRA, DSW21, HCR und Vestische bis 2019 um VER und [&hellip;]<\/p>\n","protected":false},"author":1,"featured_media":0,"parent":0,"menu_order":0,"comment_status":"closed","ping_status":"closed","template":"","meta":{"_et_pb_use_builder":"on","_et_pb_old_content":"","_et_gb_content_width":"","footnotes":""},"class_list":["post-614","page","type-page","status-publish","hentry"],"_links":{"self":[{"href":"https:\/\/kmr-info.de\/index.php\/wp-json\/wp\/v2\/pages\/614","targetHints":{"allow":["GET"]}}],"collection":[{"href":"https:\/\/kmr-info.de\/index.php\/wp-json\/wp\/v2\/pages"}],"about":[{"href":"https:\/\/kmr-info.de\/index.php\/wp-json\/wp\/v2\/types\/page"}],"author":[{"embeddable":true,"href":"https:\/\/kmr-info.de\/index.php\/wp-json\/wp\/v2\/users\/1"}],"replies":[{"embeddable":true,"href":"https:\/\/kmr-info.de\/index.php\/wp-json\/wp\/v2\/comments?post=614"}],"version-history":[{"count":10,"href":"https:\/\/kmr-info.de\/index.php\/wp-json\/wp\/v2\/pages\/614\/revisions"}],"predecessor-version":[{"id":1084,"href":"https:\/\/kmr-info.de\/index.php\/wp-json\/wp\/v2\/pages\/614\/revisions\/1084"}],"wp:attachment":[{"href":"https:\/\/kmr-info.de\/index.php\/wp-json\/wp\/v2\/media?parent=614"}],"curies":[{"name":"wp","href":"https:\/\/api.w.org\/{rel}","templated":true}]}}